{"id":1096,"date":"2022-11-18T11:26:34","date_gmt":"2022-11-18T16:26:34","guid":{"rendered":"https:\/\/capi.acxcomdev.com\/contact\/"},"modified":"2024-03-27T15:32:14","modified_gmt":"2024-03-27T19:32:14","slug":"contact","status":"publish","type":"page","link":"https:\/\/www.equipementcapi.ca\/en\/contact\/","title":{"rendered":"Contact"},"content":{"rendered":"<p>[et_pb_section fb_built=&#8221;1&#8243; _builder_version=&#8221;4.19.4&#8243; _module_preset=&#8221;default&#8221; background_color=&#8221;#333333&#8243; bottom_divider_style=&#8221;asymmetric4&#8243; bottom_divider_color=&#8221;#dddddd&#8221; global_colors_info=&#8221;{}&#8221;][et_pb_row _builder_version=&#8221;4.19.4&#8243; _module_preset=&#8221;default&#8221; custom_padding=&#8221;0px||30px||false|false&#8221; global_colors_info=&#8221;{}&#8221;][et_pb_column type=&#8221;4_4&#8243; _builder_version=&#8221;4.19.1&#8243; _module_preset=&#8221;default&#8221; global_colors_info=&#8221;{}&#8221;][et_pb_text admin_label=&#8221;Contactez-nous&#8221; _builder_version=&#8221;4.19.4&#8243; _module_preset=&#8221;default&#8221; text_text_color=&#8221;#FFFFFF&#8221; header_text_color=&#8221;#FFFFFF&#8221; global_colors_info=&#8221;{}&#8221;]<\/p>\n<h1>Contact us<\/h1>\n<p>[\/et_pb_text][\/et_pb_column][\/et_pb_row][\/et_pb_section][et_pb_section fb_built=&#8221;1&#8243; _builder_version=&#8221;4.19.4&#8243; _module_preset=&#8221;default&#8221; background_color=&#8221;#dddddd&#8221; custom_padding=&#8221;||0px|||&#8221; top_divider_color=&#8221;#dddddd&#8221; global_colors_info=&#8221;{}&#8221;][et_pb_row column_structure=&#8221;1_4,1_4,1_4,1_4&#8243; use_custom_gutter=&#8221;on&#8221; gutter_width=&#8221;1&#8243; make_equal=&#8221;on&#8221; _builder_version=&#8221;4.20.4&#8243; _module_preset=&#8221;default&#8221; custom_padding=&#8221;0px||0px|||&#8221; border_radii=&#8221;off|10px|10px||&#8221; global_colors_info=&#8221;{}&#8221;][et_pb_column type=&#8221;1_4&#8243; _builder_version=&#8221;4.20.4&#8243; _module_preset=&#8221;default&#8221; use_background_color_gradient=&#8221;on&#8221; background_color_gradient_stops=&#8221;rgba(0,0,0,0.4) 0%|rgba(0,0,0,0.4) 100%&#8221; background_color_gradient_overlays_image=&#8221;on&#8221; background_image=&#8221;https:\/\/www.equipementcapi.ca\/wp-content\/uploads\/2023\/01\/adresse-bg.png&#8221; custom_padding=&#8221;50px|40px|50px|40px|true|true&#8221; link_option_url=&#8221;https:\/\/www.google.com\/maps\/place\/1701+Mnt+Labossi%C3%A8re,+Vaudreuil-Dorion,+QC+J7V+8P2\/@45.390987,-74.076563,16z\/data=!4m6!3m5!1s0x4cc949e401bd5ecd:0x39ea00d70ccacc7b!8m2!3d45.3909867!4d-74.0765631!16s%2Fg%2F11b8vgp0z9?hl&#8221; link_option_url_new_window=&#8221;on&#8221; custom_css_main_element=&#8221;display: flex;||flex-direction: column;||justify-content: center;&#8221; global_colors_info=&#8221;{}&#8221; background__hover_enabled=&#8221;on|hover&#8221; background_color_gradient_stops__hover=&#8221;rgba(0,0,0,0.6) 0%|rgba(0,0,0,0.6) 100%&#8221; use_background_color_gradient__hover=&#8221;on&#8221;][et_pb_text admin_label=&#8221;1701 Mont\u00e9e Labossi\u00e8re (porte 3),Vaudreuil-Dorion, J7V 4J4&#8243; _builder_version=&#8221;4.19.5&#8243; _module_preset=&#8221;default&#8221; text_text_color=&#8221;#FFFFFF&#8221; text_orientation=&#8221;center&#8221; global_colors_info=&#8221;{}&#8221;]<\/p>\n<div class=\"address\">1701 Mont\u00e9e Labossi\u00e8re (gate 3),<br \/>Vaudreuil-Dorion, J7V 4J4<\/div>\n<p>[\/et_pb_text][et_pb_icon font_icon=&#8221;&#xf5a0;||fa||900&#8243; icon_color=&#8221;#FFFFFF&#8221; icon_width=&#8221;70px&#8221; admin_label=&#8221;Icone Map&#8221; _builder_version=&#8221;4.19.5&#8243; _module_preset=&#8221;default&#8221; custom_margin=&#8221;30px||||false|false&#8221; global_colors_info=&#8221;{}&#8221;][\/et_pb_icon][\/et_pb_column][et_pb_column type=&#8221;1_4&#8243; _builder_version=&#8221;4.19.4&#8243; _module_preset=&#8221;default&#8221; background_color=&#8221;#000000&#8243; custom_padding=&#8221;50px|40px|50px|40px|true|true&#8221; link_option_url=&#8221;tel:514-295-9212&#8243; link_option_url_new_window=&#8221;on&#8221; custom_css_main_element=&#8221;display: flex;||flex-direction: column;||justify-content: center;&#8221; global_colors_info=&#8221;{}&#8221; background__hover_enabled=&#8221;on|hover&#8221; background_color__hover=&#8221;#232323&#8243; background_enable_color__hover=&#8221;on&#8221;][et_pb_text admin_label=&#8221;514 295-9212&#8243; _builder_version=&#8221;4.19.5&#8243; _module_preset=&#8221;default&#8221; text_orientation=&#8221;center&#8221; global_colors_info=&#8221;{}&#8221;]<\/p>\n<p><strong><a href=\"tel:514-295-9212\">514 295-9212<\/a><\/strong><\/p>\n<p>[\/et_pb_text][et_pb_icon font_icon=&#8221;&#xe090;||divi||400&#8243; icon_width=&#8221;70px&#8221; admin_label=&#8221;Icon Tel&#8221; _builder_version=&#8221;4.19.5&#8243; _module_preset=&#8221;default&#8221; custom_margin=&#8221;30px||||false|false&#8221; global_colors_info=&#8221;{}&#8221;][\/et_pb_icon][\/et_pb_column][et_pb_column type=&#8221;1_4&#8243; _builder_version=&#8221;4.19.5&#8243; _module_preset=&#8221;default&#8221; background_color=&#8221;#FFFFFF&#8221; custom_padding=&#8221;50px|40px|50px|40px|true|true&#8221; link_option_url=&#8221;mailto:equipementcapi@gmail.com&#8221; link_option_url_new_window=&#8221;on&#8221; custom_css_main_element=&#8221;display: flex;||flex-direction: column;||justify-content: center;&#8221; global_colors_info=&#8221;{}&#8221; background__hover_enabled=&#8221;on|hover&#8221; background_color__hover=&#8221;#afafaf&#8221; background_enable_color__hover=&#8221;on&#8221;][et_pb_text admin_label=&#8221;equipementcapi@gmail.com&#8221; _builder_version=&#8221;4.19.5&#8243; _module_preset=&#8221;default&#8221; text_orientation=&#8221;center&#8221; global_colors_info=&#8221;{}&#8221;]equipementcapi@gmail.com[\/et_pb_text][et_pb_icon font_icon=&#8221;&#xe076;||divi||400&#8243; icon_color=&#8221;#000000&#8243; icon_width=&#8221;70px&#8221; admin_label=&#8221;Icon Mail&#8221; _builder_version=&#8221;4.19.5&#8243; _module_preset=&#8221;default&#8221; custom_margin=&#8221;30px||||false|false&#8221; custom_padding=&#8221;||0px|||&#8221; global_colors_info=&#8221;{}&#8221;][\/et_pb_icon][\/et_pb_column][et_pb_column type=&#8221;1_4&#8243; _builder_version=&#8221;4.19.5&#8243; _module_preset=&#8221;default&#8221; background_color=&#8221;#000000&#8243; custom_padding=&#8221;50px|40px|50px|40px|true|true&#8221; link_option_url=&#8221;#&#8221; custom_css_main_element=&#8221;display: flex;||flex-direction: column;||justify-content: center;&#8221; global_colors_info=&#8221;{}&#8221; background__hover_enabled=&#8221;on|hover&#8221; background_color__hover=&#8221;#232323&#8243; background_enable_color__hover=&#8221;on&#8221;][et_pb_text admin_label=&#8221;Heures d&#8217;ouverture:&#8221; _builder_version=&#8221;4.19.5&#8243; _module_preset=&#8221;default&#8221; text_text_color=&#8221;#FFFFFF&#8221; header_4_text_color=&#8221;#FFFFFF&#8221; text_orientation=&#8221;center&#8221; global_colors_info=&#8221;{}&#8221;]<\/p>\n<h4>Business hours:<\/h4>\n<p>Sun: By appointment<br \/>Mon: 8:00 a.m. to 4:30 p.m.<br \/>Tues: 8:00 a.m. to 4:30 p.m.<br \/>Wed: 8:00 a.m. to 4:30 p.m.<br \/>Thu: 8:00 a.m. to 4:30 p.m.<br \/>Fri: 8:00 a.m. to 4:30 p.m.<br \/>Sat: By appointment<\/p>\n<p>[\/et_pb_text][\/et_pb_column][\/et_pb_row][et_pb_row _builder_version=&#8221;4.19.4&#8243; _module_preset=&#8221;default&#8221; width=&#8221;100%&#8221; max_width=&#8221;100%&#8221; custom_padding=&#8221;||0px|||&#8221; global_colors_info=&#8221;{}&#8221;][et_pb_column type=&#8221;4_4&#8243; _builder_version=&#8221;4.19.4&#8243; _module_preset=&#8221;default&#8221; global_colors_info=&#8221;{}&#8221;][et_pb_code admin_label=&#8221;Google Map&#8221; _builder_version=&#8221;4.19.5&#8243; _module_preset=&#8221;default&#8221; custom_margin=&#8221;-34px|||||&#8221; global_colors_info=&#8221;{}&#8221;]<iframe src=\"https:\/\/www.google.com\/maps\/embed?pb=!1m18!1m12!1m3!1d2801.909980730706!2d-74.07875178444506!3d45.3909866791001!2m3!1f0!2f0!3f0!3m2!1i1024!2i768!4f13.1!3m3!1m2!1s0x4cc949e401bd5ecd%3A0x39ea00d70ccacc7b!2s1701%20Mnt%20Labossi%C3%A8re%2C%20Vaudreuil-Dorion%2C%20QC%20J7V%208P2!5e0!3m2!1sfr!2sca!4v1675190669500!5m2!1sfr!2sca\" width=\"100%\" height=\"450\" style=\"border:0;\" allowfullscreen=\"\" loading=\"lazy\" referrerpolicy=\"no-referrer-when-downgrade\"><\/iframe>[\/et_pb_code][\/et_pb_column][\/et_pb_row][\/et_pb_section]<\/p>\n","protected":false},"excerpt":{"rendered":"<p>Contact us1701 Mont\u00e9e Labossi\u00e8re (gate 3),Vaudreuil-Dorion, J7V 4J4514 295-9212equipementcapi@gmail.comBusiness hours: Sun: By appointmentMon: 8:00 a.m. to 4:30 p.m.Tues: 8:00 a.m. to 4:30 p.m.Wed: 8:00 a.m. to 4:30 p.m.Thu: 8:00 a.m. to 4:30 p.m.Fri: 8:00 a.m. to 4:30 p.m.Sat: By appointment<\/p>\n","protected":false},"author":2,"featured_media":0,"parent":0,"menu_order":40,"comment_status":"closed","ping_status":"closed","template":"","meta":{"_et_pb_use_builder":"on","_et_pb_old_content":"","_et_gb_content_width":"","footnotes":""},"class_list":["post-1096","page","type-page","status-publish","hentry"],"yoast_head":"<!-- This site is optimized with the Yoast SEO plugin v27.5 - https:\/\/yoast.com\/product\/yoast-seo-wordpress\/ -->\n<title>Contact - \u00c9quipements CAPI<\/title>\n<meta name=\"robots\" content=\"index, follow, max-snippet:-1, max-image-preview:large, max-video-preview:-1\" \/>\n<link rel=\"canonical\" href=\"https:\/\/www.equipementcapi.ca\/en\/contact\/\" \/>\n<meta property=\"og:locale\" content=\"en_US\" \/>\n<meta property=\"og:type\" content=\"article\" \/>\n<meta property=\"og:title\" content=\"Contact - \u00c9quipements CAPI\" \/>\n<meta property=\"og:description\" content=\"Contact us1701 Mont\u00e9e Labossi\u00e8re (gate 3),Vaudreuil-Dorion, J7V 4J4514 295-9212equipementcapi@gmail.comBusiness hours: Sun: By appointmentMon: 8:00 a.m. to 4:30 p.m.Tues: 8:00 a.m. to 4:30 p.m.Wed: 8:00 a.m. to 4:30 p.m.Thu: 8:00 a.m. to 4:30 p.m.Fri: 8:00 a.m. to 4:30 p.m.Sat: By appointment\" \/>\n<meta property=\"og:url\" content=\"https:\/\/www.equipementcapi.ca\/en\/contact\/\" \/>\n<meta property=\"og:site_name\" content=\"\u00c9quipements CAPI\" \/>\n<meta property=\"article:modified_time\" content=\"2024-03-27T19:32:14+00:00\" \/>\n<meta property=\"og:image\" content=\"https:\/\/www.equipementcapi.ca\/wp-content\/uploads\/2023\/01\/168161314_m-1024x597.png\" \/>\n<meta name=\"twitter:card\" content=\"summary_large_image\" \/>\n<meta name=\"twitter:label1\" content=\"Est. reading time\" \/>\n\t<meta name=\"twitter:data1\" content=\"4 minutes\" \/>\n<script type=\"application\/ld+json\" class=\"yoast-schema-graph\">{\"@context\":\"https:\\\/\\\/schema.org\",\"@graph\":[{\"@type\":\"WebPage\",\"@id\":\"https:\\\/\\\/www.equipementcapi.ca\\\/en\\\/contact\\\/\",\"url\":\"https:\\\/\\\/www.equipementcapi.ca\\\/en\\\/contact\\\/\",\"name\":\"Contact - \u00c9quipements CAPI\",\"isPartOf\":{\"@id\":\"https:\\\/\\\/www.equipementcapi.ca\\\/en\\\/#website\"},\"datePublished\":\"2022-11-18T16:26:34+00:00\",\"dateModified\":\"2024-03-27T19:32:14+00:00\",\"breadcrumb\":{\"@id\":\"https:\\\/\\\/www.equipementcapi.ca\\\/en\\\/contact\\\/#breadcrumb\"},\"inLanguage\":\"en-US\",\"potentialAction\":[{\"@type\":\"ReadAction\",\"target\":[\"https:\\\/\\\/www.equipementcapi.ca\\\/en\\\/contact\\\/\"]}]},{\"@type\":\"BreadcrumbList\",\"@id\":\"https:\\\/\\\/www.equipementcapi.ca\\\/en\\\/contact\\\/#breadcrumb\",\"itemListElement\":[{\"@type\":\"ListItem\",\"position\":1,\"name\":\"Accueil\",\"item\":\"https:\\\/\\\/www.equipementcapi.ca\\\/en\\\/\"},{\"@type\":\"ListItem\",\"position\":2,\"name\":\"Contact\"}]},{\"@type\":\"WebSite\",\"@id\":\"https:\\\/\\\/www.equipementcapi.ca\\\/en\\\/#website\",\"url\":\"https:\\\/\\\/www.equipementcapi.ca\\\/en\\\/\",\"name\":\"\u00c9quipements CAPI\",\"description\":\"Sale and purchase of new and used equipment\",\"publisher\":{\"@id\":\"https:\\\/\\\/www.equipementcapi.ca\\\/en\\\/#organization\"},\"potentialAction\":[{\"@type\":\"SearchAction\",\"target\":{\"@type\":\"EntryPoint\",\"urlTemplate\":\"https:\\\/\\\/www.equipementcapi.ca\\\/en\\\/?s={search_term_string}\"},\"query-input\":{\"@type\":\"PropertyValueSpecification\",\"valueRequired\":true,\"valueName\":\"search_term_string\"}}],\"inLanguage\":\"en-US\"},{\"@type\":\"Organization\",\"@id\":\"https:\\\/\\\/www.equipementcapi.ca\\\/en\\\/#organization\",\"name\":\"\u00c9quipements CAPI\",\"url\":\"https:\\\/\\\/www.equipementcapi.ca\\\/en\\\/\",\"logo\":{\"@type\":\"ImageObject\",\"inLanguage\":\"en-US\",\"@id\":\"https:\\\/\\\/www.equipementcapi.ca\\\/en\\\/#\\\/schema\\\/logo\\\/image\\\/\",\"url\":\"https:\\\/\\\/www.equipementcapi.ca\\\/wp-content\\\/uploads\\\/2022\\\/11\\\/logo-capi-temp.png\",\"contentUrl\":\"https:\\\/\\\/www.equipementcapi.ca\\\/wp-content\\\/uploads\\\/2022\\\/11\\\/logo-capi-temp.png\",\"width\":730,\"height\":399,\"caption\":\"\u00c9quipements CAPI\"},\"image\":{\"@id\":\"https:\\\/\\\/www.equipementcapi.ca\\\/en\\\/#\\\/schema\\\/logo\\\/image\\\/\"}}]}<\/script>\n<!-- \/ Yoast SEO plugin. -->","yoast_head_json":{"title":"Contact - \u00c9quipements CAPI","robots":{"index":"index","follow":"follow","max-snippet":"max-snippet:-1","max-image-preview":"max-image-preview:large","max-video-preview":"max-video-preview:-1"},"canonical":"https:\/\/www.equipementcapi.ca\/en\/contact\/","og_locale":"en_US","og_type":"article","og_title":"Contact - \u00c9quipements CAPI","og_description":"Contact us1701 Mont\u00e9e Labossi\u00e8re (gate 3),Vaudreuil-Dorion, J7V 4J4514 295-9212equipementcapi@gmail.comBusiness hours: Sun: By appointmentMon: 8:00 a.m. to 4:30 p.m.Tues: 8:00 a.m. to 4:30 p.m.Wed: 8:00 a.m. to 4:30 p.m.Thu: 8:00 a.m. to 4:30 p.m.Fri: 8:00 a.m. to 4:30 p.m.Sat: By appointment","og_url":"https:\/\/www.equipementcapi.ca\/en\/contact\/","og_site_name":"\u00c9quipements CAPI","article_modified_time":"2024-03-27T19:32:14+00:00","og_image":[{"url":"https:\/\/www.equipementcapi.ca\/wp-content\/uploads\/2023\/01\/168161314_m-1024x597.png","type":"","width":"","height":""}],"twitter_card":"summary_large_image","twitter_misc":{"Est. reading time":"4 minutes"},"schema":{"@context":"https:\/\/schema.org","@graph":[{"@type":"WebPage","@id":"https:\/\/www.equipementcapi.ca\/en\/contact\/","url":"https:\/\/www.equipementcapi.ca\/en\/contact\/","name":"Contact - \u00c9quipements CAPI","isPartOf":{"@id":"https:\/\/www.equipementcapi.ca\/en\/#website"},"datePublished":"2022-11-18T16:26:34+00:00","dateModified":"2024-03-27T19:32:14+00:00","breadcrumb":{"@id":"https:\/\/www.equipementcapi.ca\/en\/contact\/#breadcrumb"},"inLanguage":"en-US","potentialAction":[{"@type":"ReadAction","target":["https:\/\/www.equipementcapi.ca\/en\/contact\/"]}]},{"@type":"BreadcrumbList","@id":"https:\/\/www.equipementcapi.ca\/en\/contact\/#breadcrumb","itemListElement":[{"@type":"ListItem","position":1,"name":"Accueil","item":"https:\/\/www.equipementcapi.ca\/en\/"},{"@type":"ListItem","position":2,"name":"Contact"}]},{"@type":"WebSite","@id":"https:\/\/www.equipementcapi.ca\/en\/#website","url":"https:\/\/www.equipementcapi.ca\/en\/","name":"\u00c9quipements CAPI","description":"Sale and purchase of new and used equipment","publisher":{"@id":"https:\/\/www.equipementcapi.ca\/en\/#organization"},"potentialAction":[{"@type":"SearchAction","target":{"@type":"EntryPoint","urlTemplate":"https:\/\/www.equipementcapi.ca\/en\/?s={search_term_string}"},"query-input":{"@type":"PropertyValueSpecification","valueRequired":true,"valueName":"search_term_string"}}],"inLanguage":"en-US"},{"@type":"Organization","@id":"https:\/\/www.equipementcapi.ca\/en\/#organization","name":"\u00c9quipements CAPI","url":"https:\/\/www.equipementcapi.ca\/en\/","logo":{"@type":"ImageObject","inLanguage":"en-US","@id":"https:\/\/www.equipementcapi.ca\/en\/#\/schema\/logo\/image\/","url":"https:\/\/www.equipementcapi.ca\/wp-content\/uploads\/2022\/11\/logo-capi-temp.png","contentUrl":"https:\/\/www.equipementcapi.ca\/wp-content\/uploads\/2022\/11\/logo-capi-temp.png","width":730,"height":399,"caption":"\u00c9quipements CAPI"},"image":{"@id":"https:\/\/www.equipementcapi.ca\/en\/#\/schema\/logo\/image\/"}}]}},"_links":{"self":[{"href":"https:\/\/www.equipementcapi.ca\/en\/wp-json\/wp\/v2\/pages\/1096","targetHints":{"allow":["GET"]}}],"collection":[{"href":"https:\/\/www.equipementcapi.ca\/en\/wp-json\/wp\/v2\/pages"}],"about":[{"href":"https:\/\/www.equipementcapi.ca\/en\/wp-json\/wp\/v2\/types\/page"}],"author":[{"embeddable":true,"href":"https:\/\/www.equipementcapi.ca\/en\/wp-json\/wp\/v2\/users\/2"}],"replies":[{"embeddable":true,"href":"https:\/\/www.equipementcapi.ca\/en\/wp-json\/wp\/v2\/comments?post=1096"}],"version-history":[{"count":5,"href":"https:\/\/www.equipementcapi.ca\/en\/wp-json\/wp\/v2\/pages\/1096\/revisions"}],"predecessor-version":[{"id":9643,"href":"https:\/\/www.equipementcapi.ca\/en\/wp-json\/wp\/v2\/pages\/1096\/revisions\/9643"}],"wp:attachment":[{"href":"https:\/\/www.equipementcapi.ca\/en\/wp-json\/wp\/v2\/media?parent=1096"}],"curies":[{"name":"wp","href":"https:\/\/api.w.org\/{rel}","templated":true}]}}