{"id":1087,"date":"2023-01-06T11:40:49","date_gmt":"2023-01-06T16:40:49","guid":{"rendered":"https:\/\/capi.acxcomdev.com\/home\/"},"modified":"2024-03-27T15:31:34","modified_gmt":"2024-03-27T19:31:34","slug":"home","status":"publish","type":"page","link":"https:\/\/www.equipementcapi.ca\/en\/","title":{"rendered":"Home"},"content":{"rendered":"<p>[et_pb_section fb_built=&#8221;1&#8243; _builder_version=&#8221;4.19.1&#8243; _module_preset=&#8221;default&#8221; background_color=&#8221;#000000&#8243; custom_padding=&#8221;15px||15px||false|false&#8221; global_colors_info=&#8221;{}&#8221;][et_pb_row _builder_version=&#8221;4.18.1&#8243; _module_preset=&#8221;default&#8221; max_width=&#8221;80%&#8221; global_colors_info=&#8221;{}&#8221;][et_pb_column type=&#8221;4_4&#8243; _builder_version=&#8221;4.18.1&#8243; _module_preset=&#8221;default&#8221; global_colors_info=&#8221;{}&#8221;][et_pb_text admin_label=&#8221;Acheter usag\u00e9 c\u2019est faire durer les biens&#8230;&#8221; _builder_version=&#8221;4.24.2&#8243; _module_preset=&#8221;default&#8221; text_font=&#8221;||||||||&#8221; text_text_color=&#8221;#000000&#8243; text_font_size=&#8221;20px&#8221; background_color=&#8221;#D60700&#8243; text_orientation=&#8221;center&#8221; width=&#8221;80%&#8221; width_tablet=&#8221;80%&#8221; width_phone=&#8221;90%&#8221; width_last_edited=&#8221;on|phone&#8221; max_width=&#8221;80%&#8221; max_width_tablet=&#8221;80%&#8221; max_width_phone=&#8221;90%&#8221; max_width_last_edited=&#8221;on|phone&#8221; module_alignment=&#8221;center&#8221; custom_padding=&#8221;10px||10px||true|false&#8221; global_colors_info=&#8221;{}&#8221;]<\/p>\n<p>REDUCE, REUSE, REPAIR<\/p>\n<p>[\/et_pb_text][et_pb_text admin_label=&#8221;Acheter usag\u00e9 c\u2019est faire durer les biens&#8230;&#8221; _builder_version=&#8221;4.24.2&#8243; _module_preset=&#8221;default&#8221; text_font=&#8221;||||||||&#8221; text_text_color=&#8221;#FFFFFF&#8221; text_font_size=&#8221;20px&#8221; text_orientation=&#8221;center&#8221; width=&#8221;80%&#8221; width_tablet=&#8221;80%&#8221; width_phone=&#8221;90%&#8221; width_last_edited=&#8221;on|phone&#8221; max_width=&#8221;80%&#8221; max_width_tablet=&#8221;80%&#8221; max_width_phone=&#8221;90%&#8221; max_width_last_edited=&#8221;on|phone&#8221; module_alignment=&#8221;center&#8221; custom_margin=&#8221;||10px||false|false&#8221; global_colors_info=&#8221;{}&#8221;]<\/p>\n<p>Buying used means making goods last rather than throwing them away. It means reducing the environmental impact by reducing the use of raw materials and reducing discharges to our landfills. It is to acquire an item that is available now and not an order to be filled at a later date.<\/p>\n<p>[\/et_pb_text][et_pb_text admin_label=&#8221;Souvenez vous que usag\u00e9 ne veut pas n\u00e9cessairement dire us\u00e9&#8230;&#8221; _builder_version=&#8221;4.19.2&#8243; _module_preset=&#8221;default&#8221; text_font=&#8221;||||||||&#8221; text_text_color=&#8221;#D60700&#8243; text_font_size=&#8221;24px&#8221; text_line_height=&#8221;1.4em&#8221; text_orientation=&#8221;center&#8221; width=&#8221;80%&#8221; width_tablet=&#8221;80%&#8221; width_phone=&#8221;90%&#8221; width_last_edited=&#8221;on|phone&#8221; max_width=&#8221;80%&#8221; max_width_tablet=&#8221;80%&#8221; max_width_phone=&#8221;90%&#8221; max_width_last_edited=&#8221;on|phone&#8221; module_alignment=&#8221;center&#8221; global_colors_info=&#8221;{}&#8221;]<\/p>\n<p><strong> Remember that used does not necessarily mean worn&#8230;<\/strong><\/p>\n<p>[\/et_pb_text][\/et_pb_column][\/et_pb_row][\/et_pb_section][et_pb_section fb_built=&#8221;1&#8243; admin_label=&#8221;Products&#8221; module_id=&#8221;shop&#8221; _builder_version=&#8221;4.19.1&#8243; background_color=&#8221;#dddddd&#8221; global_colors_info=&#8221;{}&#8221;][et_pb_row column_structure=&#8221;1_4,3_4&#8243; make_equal=&#8221;on&#8221; _builder_version=&#8221;4.21.0&#8243; global_colors_info=&#8221;{}&#8221;][et_pb_column type=&#8221;1_4&#8243; _builder_version=&#8221;4.21.0&#8243; custom_padding=&#8221;|||&#8221; border_color_left=&#8221;#999999&#8243; global_colors_info=&#8221;{}&#8221; custom_padding__hover=&#8221;|||&#8221;][et_pb_sidebar admin_label=&#8221;(Sidebar)&#8221; _builder_version=&#8221;4.21.0&#8243; _module_preset=&#8221;default&#8221; header_font_size=&#8221;26px&#8221; body_text_color=&#8221;#333333&#8243; global_colors_info=&#8221;{}&#8221;][\/et_pb_sidebar][\/et_pb_column][et_pb_column type=&#8221;3_4&#8243; _builder_version=&#8221;4.16&#8243; custom_padding=&#8221;|||&#8221; global_colors_info=&#8221;{}&#8221; custom_padding__hover=&#8221;|||&#8221;][et_pb_text disabled_on=&#8221;on|on|on&#8221; admin_label=&#8221;Nos nouveaut\u00e9s&#8230;&#8221; _builder_version=&#8221;4.19.5&#8243; _module_preset=&#8221;default&#8221; disabled=&#8221;on&#8221; global_colors_info=&#8221;{}&#8221;]<\/p>\n<h1>Our newest products&#8230;<\/h1>\n<p>[\/et_pb_text][et_pb_shop show_pagination=&#8221;on&#8221; columns_number=&#8221;4&#8243; orderby=&#8221;date-desc&#8221; icon_hover_color=&#8221;#D60700&#8243; hover_overlay_color=&#8221;rgba(0,0,0,0.5)&#8221; show_rating=&#8221;off&#8221; admin_label=&#8221;(Woo Products)&#8221; _builder_version=&#8221;4.24.0&#8243; title_text_align=&#8221;center&#8221; title_font_size=&#8221;14px&#8221; title_line_height=&#8221;1.4em&#8221; price_font=&#8221;|600|||||||&#8221; price_text_align=&#8221;center&#8221; price_text_color=&#8221;#D60700&#8243; price_font_size=&#8221;18px&#8221; background_enable_color=&#8221;off&#8221; text_orientation=&#8221;center&#8221; border_width_all_image=&#8221;1px&#8221; border_color_all_image=&#8221;#999999&#8243; global_colors_info=&#8221;{}&#8221;][\/et_pb_shop][et_pb_button button_url=&#8221;@ET-DC@eyJkeW5hbWljIjp0cnVlLCJjb250ZW50IjoicG9zdF9saW5rX3VybF9wYWdlIiwic2V0dGluZ3MiOnsicG9zdF9pZCI6IjE0In19@&#8221; url_new_window=&#8221;on&#8221; button_text=&#8221; See all our products&#8221; button_alignment=&#8221;center&#8221; disabled_on=&#8221;on|on|on&#8221; admin_label=&#8221;(Button) &#8211; voir tous nos produits&#8221; _builder_version=&#8221;4.20.0&#8243; _dynamic_attributes=&#8221;button_url&#8221; _module_preset=&#8221;default&#8221; disabled=&#8221;on&#8221; global_colors_info=&#8221;{}&#8221;][\/et_pb_button][\/et_pb_column][\/et_pb_row][\/et_pb_section]<\/p>\n","protected":false},"excerpt":{"rendered":"<p>REDUCE, REUSE, REPAIRBuying used means making goods last rather than throwing them away. It means reducing the environmental impact by reducing the use of raw materials and reducing discharges to our landfills. It is to acquire an item that is available now and not an order to be filled at a later date. Remember that [&hellip;]<\/p>\n","protected":false},"author":4,"featured_media":0,"parent":0,"menu_order":10,"comment_status":"closed","ping_status":"closed","template":"","meta":{"_et_pb_use_builder":"on","_et_pb_old_content":"","_et_gb_content_width":"","footnotes":""},"class_list":["post-1087","page","type-page","status-publish","hentry"],"yoast_head":"<!-- This site is optimized with the Yoast SEO plugin v27.5 - https:\/\/yoast.com\/product\/yoast-seo-wordpress\/ -->\n<title>Home - \u00c9quipements CAPI<\/title>\n<meta name=\"robots\" content=\"index, follow, max-snippet:-1, max-image-preview:large, max-video-preview:-1\" \/>\n<link rel=\"canonical\" href=\"https:\/\/www.equipementcapi.ca\/en\/\" \/>\n<meta property=\"og:locale\" content=\"en_US\" \/>\n<meta property=\"og:type\" content=\"article\" \/>\n<meta property=\"og:title\" content=\"Home - \u00c9quipements CAPI\" \/>\n<meta property=\"og:description\" content=\"REDUCE, REUSE, REPAIRBuying used means making goods last rather than throwing them away. It means reducing the environmental impact by reducing the use of raw materials and reducing discharges to our landfills. It is to acquire an item that is available now and not an order to be filled at a later date. Remember that [&hellip;]\" \/>\n<meta property=\"og:url\" content=\"https:\/\/www.equipementcapi.ca\/en\/\" \/>\n<meta property=\"og:site_name\" content=\"\u00c9quipements CAPI\" \/>\n<meta property=\"article:modified_time\" content=\"2024-03-27T19:31:34+00:00\" \/>\n<meta property=\"og:image\" content=\"https:\/\/www.equipementcapi.ca\/wp-content\/uploads\/2023\/01\/168161314_m-1024x597.png\" \/>\n<meta name=\"twitter:card\" content=\"summary_large_image\" \/>\n<meta name=\"twitter:label1\" content=\"Est. reading time\" \/>\n\t<meta name=\"twitter:data1\" content=\"3 minutes\" \/>\n<script type=\"application\/ld+json\" class=\"yoast-schema-graph\">{\"@context\":\"https:\\\/\\\/schema.org\",\"@graph\":[{\"@type\":\"WebPage\",\"@id\":\"https:\\\/\\\/www.equipementcapi.ca\\\/en\\\/\",\"url\":\"https:\\\/\\\/www.equipementcapi.ca\\\/en\\\/\",\"name\":\"Home - \u00c9quipements CAPI\",\"isPartOf\":{\"@id\":\"https:\\\/\\\/www.equipementcapi.ca\\\/en\\\/#website\"},\"datePublished\":\"2023-01-06T16:40:49+00:00\",\"dateModified\":\"2024-03-27T19:31:34+00:00\",\"breadcrumb\":{\"@id\":\"https:\\\/\\\/www.equipementcapi.ca\\\/en\\\/#breadcrumb\"},\"inLanguage\":\"en-US\",\"potentialAction\":[{\"@type\":\"ReadAction\",\"target\":[\"https:\\\/\\\/www.equipementcapi.ca\\\/en\\\/\"]}]},{\"@type\":\"BreadcrumbList\",\"@id\":\"https:\\\/\\\/www.equipementcapi.ca\\\/en\\\/#breadcrumb\",\"itemListElement\":[{\"@type\":\"ListItem\",\"position\":1,\"name\":\"Accueil\",\"item\":\"https:\\\/\\\/www.equipementcapi.ca\\\/en\\\/\"},{\"@type\":\"ListItem\",\"position\":2,\"name\":\"Home\"}]},{\"@type\":\"WebSite\",\"@id\":\"https:\\\/\\\/www.equipementcapi.ca\\\/en\\\/#website\",\"url\":\"https:\\\/\\\/www.equipementcapi.ca\\\/en\\\/\",\"name\":\"\u00c9quipements CAPI\",\"description\":\"Sale and purchase of new and used equipment\",\"publisher\":{\"@id\":\"https:\\\/\\\/www.equipementcapi.ca\\\/en\\\/#organization\"},\"potentialAction\":[{\"@type\":\"SearchAction\",\"target\":{\"@type\":\"EntryPoint\",\"urlTemplate\":\"https:\\\/\\\/www.equipementcapi.ca\\\/en\\\/?s={search_term_string}\"},\"query-input\":{\"@type\":\"PropertyValueSpecification\",\"valueRequired\":true,\"valueName\":\"search_term_string\"}}],\"inLanguage\":\"en-US\"},{\"@type\":\"Organization\",\"@id\":\"https:\\\/\\\/www.equipementcapi.ca\\\/en\\\/#organization\",\"name\":\"\u00c9quipements CAPI\",\"url\":\"https:\\\/\\\/www.equipementcapi.ca\\\/en\\\/\",\"logo\":{\"@type\":\"ImageObject\",\"inLanguage\":\"en-US\",\"@id\":\"https:\\\/\\\/www.equipementcapi.ca\\\/en\\\/#\\\/schema\\\/logo\\\/image\\\/\",\"url\":\"https:\\\/\\\/www.equipementcapi.ca\\\/wp-content\\\/uploads\\\/2022\\\/11\\\/logo-capi-temp.png\",\"contentUrl\":\"https:\\\/\\\/www.equipementcapi.ca\\\/wp-content\\\/uploads\\\/2022\\\/11\\\/logo-capi-temp.png\",\"width\":730,\"height\":399,\"caption\":\"\u00c9quipements CAPI\"},\"image\":{\"@id\":\"https:\\\/\\\/www.equipementcapi.ca\\\/en\\\/#\\\/schema\\\/logo\\\/image\\\/\"}}]}<\/script>\n<!-- \/ Yoast SEO plugin. -->","yoast_head_json":{"title":"Home - \u00c9quipements CAPI","robots":{"index":"index","follow":"follow","max-snippet":"max-snippet:-1","max-image-preview":"max-image-preview:large","max-video-preview":"max-video-preview:-1"},"canonical":"https:\/\/www.equipementcapi.ca\/en\/","og_locale":"en_US","og_type":"article","og_title":"Home - \u00c9quipements CAPI","og_description":"REDUCE, REUSE, REPAIRBuying used means making goods last rather than throwing them away. It means reducing the environmental impact by reducing the use of raw materials and reducing discharges to our landfills. It is to acquire an item that is available now and not an order to be filled at a later date. Remember that [&hellip;]","og_url":"https:\/\/www.equipementcapi.ca\/en\/","og_site_name":"\u00c9quipements CAPI","article_modified_time":"2024-03-27T19:31:34+00:00","og_image":[{"url":"https:\/\/www.equipementcapi.ca\/wp-content\/uploads\/2023\/01\/168161314_m-1024x597.png","type":"","width":"","height":""}],"twitter_card":"summary_large_image","twitter_misc":{"Est. reading time":"3 minutes"},"schema":{"@context":"https:\/\/schema.org","@graph":[{"@type":"WebPage","@id":"https:\/\/www.equipementcapi.ca\/en\/","url":"https:\/\/www.equipementcapi.ca\/en\/","name":"Home - \u00c9quipements CAPI","isPartOf":{"@id":"https:\/\/www.equipementcapi.ca\/en\/#website"},"datePublished":"2023-01-06T16:40:49+00:00","dateModified":"2024-03-27T19:31:34+00:00","breadcrumb":{"@id":"https:\/\/www.equipementcapi.ca\/en\/#breadcrumb"},"inLanguage":"en-US","potentialAction":[{"@type":"ReadAction","target":["https:\/\/www.equipementcapi.ca\/en\/"]}]},{"@type":"BreadcrumbList","@id":"https:\/\/www.equipementcapi.ca\/en\/#breadcrumb","itemListElement":[{"@type":"ListItem","position":1,"name":"Accueil","item":"https:\/\/www.equipementcapi.ca\/en\/"},{"@type":"ListItem","position":2,"name":"Home"}]},{"@type":"WebSite","@id":"https:\/\/www.equipementcapi.ca\/en\/#website","url":"https:\/\/www.equipementcapi.ca\/en\/","name":"\u00c9quipements CAPI","description":"Sale and purchase of new and used equipment","publisher":{"@id":"https:\/\/www.equipementcapi.ca\/en\/#organization"},"potentialAction":[{"@type":"SearchAction","target":{"@type":"EntryPoint","urlTemplate":"https:\/\/www.equipementcapi.ca\/en\/?s={search_term_string}"},"query-input":{"@type":"PropertyValueSpecification","valueRequired":true,"valueName":"search_term_string"}}],"inLanguage":"en-US"},{"@type":"Organization","@id":"https:\/\/www.equipementcapi.ca\/en\/#organization","name":"\u00c9quipements CAPI","url":"https:\/\/www.equipementcapi.ca\/en\/","logo":{"@type":"ImageObject","inLanguage":"en-US","@id":"https:\/\/www.equipementcapi.ca\/en\/#\/schema\/logo\/image\/","url":"https:\/\/www.equipementcapi.ca\/wp-content\/uploads\/2022\/11\/logo-capi-temp.png","contentUrl":"https:\/\/www.equipementcapi.ca\/wp-content\/uploads\/2022\/11\/logo-capi-temp.png","width":730,"height":399,"caption":"\u00c9quipements CAPI"},"image":{"@id":"https:\/\/www.equipementcapi.ca\/en\/#\/schema\/logo\/image\/"}}]}},"_links":{"self":[{"href":"https:\/\/www.equipementcapi.ca\/en\/wp-json\/wp\/v2\/pages\/1087","targetHints":{"allow":["GET"]}}],"collection":[{"href":"https:\/\/www.equipementcapi.ca\/en\/wp-json\/wp\/v2\/pages"}],"about":[{"href":"https:\/\/www.equipementcapi.ca\/en\/wp-json\/wp\/v2\/types\/page"}],"author":[{"embeddable":true,"href":"https:\/\/www.equipementcapi.ca\/en\/wp-json\/wp\/v2\/users\/4"}],"replies":[{"embeddable":true,"href":"https:\/\/www.equipementcapi.ca\/en\/wp-json\/wp\/v2\/comments?post=1087"}],"version-history":[{"count":5,"href":"https:\/\/www.equipementcapi.ca\/en\/wp-json\/wp\/v2\/pages\/1087\/revisions"}],"predecessor-version":[{"id":9637,"href":"https:\/\/www.equipementcapi.ca\/en\/wp-json\/wp\/v2\/pages\/1087\/revisions\/9637"}],"wp:attachment":[{"href":"https:\/\/www.equipementcapi.ca\/en\/wp-json\/wp\/v2\/media?parent=1087"}],"curies":[{"name":"wp","href":"https:\/\/api.w.org\/{rel}","templated":true}]}}